{"id":290,"date":"2025-05-21T12:48:58","date_gmt":"2025-05-21T12:48:58","guid":{"rendered":"https:\/\/violet-fly-176128.hostingersite.com\/?page_id=290"},"modified":"2025-05-30T12:46:49","modified_gmt":"2025-05-30T12:46:49","slug":"politica-de-privacidade","status":"publish","type":"page","link":"https:\/\/amazingfood.pt\/pt\/politica-de-privacidade\/","title":{"rendered":"Pol\u00edtica de Privacidade"},"content":{"rendered":"\t\t<div data-elementor-type=\"wp-page\" data-elementor-id=\"290\" class=\"elementor elementor-290\" data-elementor-post-type=\"page\">\n\t\t\t\t<div class=\"elementor-element elementor-element-33a61b0 e-flex e-con-boxed e-con e-parent\" data-id=\"33a61b0\" data-element_type=\"container\" data-e-type=\"container\">\n\t\t\t\t\t<div class=\"e-con-inner\">\n\t\t<div class=\"elementor-element elementor-element-d795df6 e-con-full e-flex e-con e-child\" data-id=\"d795df6\" data-element_type=\"container\" data-e-type=\"container\">\n\t\t\t\t<div class=\"elementor-element elementor-element-62c7554 elementor-widget elementor-widget-image\" data-id=\"62c7554\" data-element_type=\"widget\" data-e-type=\"widget\" data-widget_type=\"image.default\">\n\t\t\t\t<div class=\"elementor-widget-container\">\n\t\t\t\t\t\t\t\t\t\t\t\t\t\t\t\t<a href=\"https:\/\/amazingfood.pt\">\n\t\t\t\t\t\t\t<img fetchpriority=\"high\" decoding=\"async\" width=\"800\" height=\"116\" src=\"https:\/\/amazingfood.pt\/wp-content\/uploads\/2025\/05\/Logo-Cor.svg\" class=\"attachment-large size-large wp-image-62\" alt=\"\" \/>\t\t\t\t\t\t\t\t<\/a>\n\t\t\t\t\t\t\t\t\t\t\t\t\t\t\t<\/div>\n\t\t\t\t<\/div>\n\t\t\t\t<\/div>\n\t\t<div class=\"elementor-element elementor-element-23a426a e-con-full e-flex e-con e-child\" data-id=\"23a426a\" data-element_type=\"container\" data-e-type=\"container\">\n\t\t\t\t<div class=\"elementor-element elementor-element-8cf123a elementor-widget elementor-widget-text-editor\" data-id=\"8cf123a\" data-element_type=\"widget\" data-e-type=\"widget\" data-widget_type=\"text-editor.default\">\n\t\t\t\t<div class=\"elementor-widget-container\">\n\t\t\t\t\t\t\t\t\t<h5>Pol\u00edtica de Privacidade e Cookies<\/h5><div>\u00a0<\/div><div>\u00daltima atualiza\u00e7\u00e3o: 30 de maio 2025\u00a0<\/div><div>\u00a0<\/div><div>A <strong>Amazingfood<\/strong>, <strong>Lda<\/strong>, com sede na Rua Cidade de Braga n\u00ba 137, 4490-197 P\u00f3voa de Varzim, <strong>NIF<\/strong> <strong>516961276<\/strong>, est\u00e1 comprometida com a prote\u00e7\u00e3o da sua privacidade e o tratamento transparente e seguro dos seus dados pessoais, em conformidade com o Regulamento Geral sobre a Prote\u00e7\u00e3o de Dados (RGPD) e a Lei n.\u00ba 58\/2019.<\/div><div>\u00a0<\/div><div><strong>1. Respons\u00e1vel pelo Tratamento de Dados<\/strong><\/div><div>\u00a0<\/div><div>A entidade respons\u00e1vel pelo tratamento dos seus dados \u00e9 a:<\/div><div>\u00a0<\/div><div><strong>Amazingfood, Lda<\/strong><\/div><div>NIF: 516961276<\/div><div>Sede: Rua Cidade de Braga n\u00ba 137, 4490-197 P\u00f3voa de Varzim<\/div><div>Telefone: 252 143 585<\/div><div>Email: geral@amazingfood.pt<\/div><div>\u00a0<\/div><div><strong>2. Que dados recolhemos?<\/strong><\/div><div>\u00a0<\/div><div>Recolhemos os seguintes dados pessoais atrav\u00e9s do site:<\/div><div>\u2022Nome<\/div><div>\u2022Endere\u00e7o de e-mail<\/div><div>\u2022Contacto telef\u00f3nico<\/div><div>\u2022Outros dados eventualmente submetidos via upload de ficheiros no formul\u00e1rio de recrutamento<\/div><div>\u00a0<\/div><div><strong>3. Como recolhemos os dados?<\/strong><\/div><div>\u00a0<\/div><div>Os dados pessoais podem ser recolhidos atrav\u00e9s dos seguintes meios:<\/div><div>\u2022Formul\u00e1rios de contacto<\/div><div>\u2022Submiss\u00e3o de candidatura (upload de ficheiro)<\/div><div>\u2022Cookies e tecnologias de rastreamento<\/div><div>\u00a0<\/div><div><strong>4. Finalidade do Tratamento de Dados<\/strong><\/div><div>\u00a0<\/div><div>Tratamos os seus dados para as seguintes finalidades:<\/div><div>\u2022Responder a pedidos e contactos<\/div><div>\u2022Gest\u00e3o de processos de recrutamento<\/div><div>\u2022Fins estat\u00edsticos internos<\/div><div>\u2022Comunica\u00e7\u00e3o de marketing (apenas com consentimento)<\/div><div>\u00a0<\/div><div><strong>5. Partilha de Dados com Terceiros<\/strong><\/div><div>\u00a0<\/div><div>Os seus dados poder\u00e3o ser partilhados com a nossa ag\u00eancia de comunica\u00e7\u00e3o para fins de gest\u00e3o da estrat\u00e9gia de marketing digital da marca. Esta entidade est\u00e1 contratualmente obrigada a garantir a confidencialidade e seguran\u00e7a dos dados.<\/div><div>\u00a0<\/div><div><strong>6. Utiliza\u00e7\u00e3o de Servi\u00e7os de Terceiros<\/strong><\/div><div>\u00a0<\/div><div>Utilizamos o Meta Pixel (Facebook\/Instagram) para fins estat\u00edsticos e de remarketing. Estes servi\u00e7os podem recolher dados anonimizados sobre a navega\u00e7\u00e3o no site.<\/div><div>\u00a0<\/div><div><strong>7. Cookies<\/strong><\/div><div>\u00a0<\/div><div>O nosso site utiliza cookies para melhorar a experi\u00eancia do utilizador e analisar o tr\u00e1fego.<\/div><div>\u00a0<\/div><div>Tipos de cookies utilizados:<\/div><div>\u2022Essenciais \u2013 necess\u00e1rios para o funcionamento b\u00e1sico do site<\/div><div>\u2022Anal\u00edticos \u2013 para fins estat\u00edsticos<\/div><div>\u2022Marketing \u2013 para personaliza\u00e7\u00e3o de campanhas publicit\u00e1rias<\/div><div>\u2022De terceiros \u2013 como o Meta Pixel<\/div><div>\u00a0<\/div><div>O site apresenta um banner de consentimento de cookies, com a possibilidade de o utilizador aceitar, rejeitar ou configurar os cookies de acordo com as suas prefer\u00eancias. \u00c9 utilizada uma ferramenta de gest\u00e3o de consentimento para garantir a conformidade com o RGPD.<\/div><div>\u00a0<\/div><div><strong>8. Direitos dos Titulares dos Dados<\/strong><\/div><div>\u00a0<\/div><div>Nos termos do RGPD, o utilizador tem os seguintes direitos:<\/div><div>\u2022Acesso aos seus dados pessoais<\/div><div>\u2022Retifica\u00e7\u00e3o de dados inexatos ou incompletos<\/div><div>\u2022Apagamento dos seus dados pessoais (\u201cdireito ao esquecimento\u201d)<\/div><div>\u2022Limita\u00e7\u00e3o do tratamento dos seus dados<\/div><div>\u2022Portabilidade dos dados<\/div><div>\u2022Oposi\u00e7\u00e3o ao tratamento dos seus dados<\/div><div>\u2022Retirar o consentimento previamente dado<\/div><div>\u00a0<\/div><div>Para exercer qualquer um destes direitos, o utilizador pode contactar-nos atrav\u00e9s do email: geral@amazingfood.pt<\/div><div>\u00a0<\/div><div><strong>9. Prazo de Conserva\u00e7\u00e3o dos Dados<\/strong><\/div><div>\u00a0<\/div><div>Os dados pessoais s\u00e3o conservados apenas durante o per\u00edodo necess\u00e1rio para cumprir a finalidade para a qual foram recolhidos, ou conforme exigido por obriga\u00e7\u00f5es legais.<\/div><div>\u00a0<\/div><div>Exemplos:<\/div><div>\u2022Dados de contacto: at\u00e9 2 anos ap\u00f3s o \u00faltimo contacto<\/div><div>\u2022Dados de recrutamento: at\u00e9 1 ano ap\u00f3s a candidatura, exceto em caso de contrata\u00e7\u00e3o<\/div><div>\u2022Dados de navega\u00e7\u00e3o: conforme definido na pol\u00edtica de cookies<\/div><div>\u00a0<\/div><div><strong>10. Transfer\u00eancias Internacionais de Dados<\/strong><\/div><div>\u00a0<\/div><div>N\u00e3o realizamos transfer\u00eancias de dados para fora do Espa\u00e7o Econ\u00f3mico Europeu. Caso tal venha a ocorrer, ser\u00e3o aplicadas as salvaguardas adequadas, como cl\u00e1usulas contratuais-tipo aprovadas pela Comiss\u00e3o Europeia.<\/div><div>\u00a0<\/div><div><strong>11. Resolu\u00e7\u00e3o de Lit\u00edgios<\/strong><\/div><div>\u00a0<\/div><div>Em caso de lit\u00edgio relacionado com o tratamento dos seus dados pessoais, o titular dos dados pode:<\/div><div>\u2022Apresentar uma queixa junto da autoridade nacional de prote\u00e7\u00e3o de dados:<\/div><div>Comiss\u00e3o Nacional de Prote\u00e7\u00e3o de Dados (CNPD)<\/div><div>Rua de S\u00e3o Bento, n.\u00ba 148, 3\u00ba, 1200-821 Lisboa<\/div><div>Tel: +351 213 928 400 | Email: geral@cnpd.pt | www.cnpd.pt<\/div><div>\u2022Recorrer a mecanismos de resolu\u00e7\u00e3o alternativa de lit\u00edgios, conforme previsto na Lei n.\u00ba 144\/2015:<\/div><div>Centro de Informa\u00e7\u00e3o de Consumo e Arbitragem do Porto (CICAP)<\/div><div>Rua Dami\u00e3o de G\u00f3is, 31, Loja 6 \u2013 4050-225 Porto<\/div><div>Tel: 225 508 349 | Email: cicap@cicap.pt | www.cicap.pt<\/div><div>\u2022Aceder \u00e0 plataforma europeia de resolu\u00e7\u00e3o de lit\u00edgios online:<\/div><div>https:\/\/ec.europa.eu\/consumers\/odr<\/div>\t\t\t\t\t\t\t\t<\/div>\n\t\t\t\t<\/div>\n\t\t\t\t<\/div>\n\t\t\t\t\t<\/div>\n\t\t\t\t<\/div>\n\t\t\t\t<\/div>\n\t\t","protected":false},"excerpt":{"rendered":"<p>Pol\u00edtica de Privacidade e Cookies \u00a0\u00daltima atualiza\u00e7\u00e3o: 30 de maio 2025\u00a0\u00a0A Amazingfood, Lda, com sede na Rua Cidade de Braga n\u00ba 137, 4490-197 P\u00f3voa de Varzim, NIF 516961276, est\u00e1 comprometida com a prote\u00e7\u00e3o da sua privacidade e o tratamento transparente e seguro dos seus dados pessoais, em conformidade com o Regulamento Geral sobre a Prote\u00e7\u00e3o [&hellip;]<\/p>\n","protected":false},"author":1,"featured_media":0,"parent":0,"menu_order":0,"comment_status":"closed","ping_status":"closed","template":"","meta":{"inline_featured_image":false,"footnotes":""},"class_list":["post-290","page","type-page","status-publish","hentry"],"_links":{"self":[{"href":"https:\/\/amazingfood.pt\/pt\/wp-json\/wp\/v2\/pages\/290","targetHints":{"allow":["GET"]}}],"collection":[{"href":"https:\/\/amazingfood.pt\/pt\/wp-json\/wp\/v2\/pages"}],"about":[{"href":"https:\/\/amazingfood.pt\/pt\/wp-json\/wp\/v2\/types\/page"}],"author":[{"embeddable":true,"href":"https:\/\/amazingfood.pt\/pt\/wp-json\/wp\/v2\/users\/1"}],"replies":[{"embeddable":true,"href":"https:\/\/amazingfood.pt\/pt\/wp-json\/wp\/v2\/comments?post=290"}],"version-history":[{"count":22,"href":"https:\/\/amazingfood.pt\/pt\/wp-json\/wp\/v2\/pages\/290\/revisions"}],"predecessor-version":[{"id":523,"href":"https:\/\/amazingfood.pt\/pt\/wp-json\/wp\/v2\/pages\/290\/revisions\/523"}],"wp:attachment":[{"href":"https:\/\/amazingfood.pt\/pt\/wp-json\/wp\/v2\/media?parent=290"}],"curies":[{"name":"wp","href":"https:\/\/api.w.org\/{rel}","templated":true}]}}